{"id":96,"date":"2018-06-18T06:57:57","date_gmt":"2018-06-18T06:57:57","guid":{"rendered":"https:\/\/www.ltdiesel.com\/index.php\/about\/"},"modified":"2023-01-27T12:37:18","modified_gmt":"2023-01-27T12:37:18","slug":"about","status":"publish","type":"page","link":"https:\/\/www.ltdiesel.com\/index.php\/about\/","title":{"rendered":"About"},"content":{"rendered":"\t\t<div data-elementor-type=\"wp-post\" data-elementor-id=\"96\" class=\"elementor elementor-96\">\n\t\t\t\t\t\t<section class=\"elementor-section elementor-top-section elementor-element elementor-element-7af1913 elementor-section-content-middle elementor-section-boxed elementor-section-height-default elementor-section-height-default\" data-id=\"7af1913\" data-element_type=\"section\" data-settings=\"{&quot;background_background&quot;:&quot;classic&quot;}\">\n\t\t\t\t\t\t\t<div class=\"elementor-background-overlay\"><\/div>\n\t\t\t\t\t\t\t<div class=\"elementor-container elementor-column-gap-default\">\n\t\t\t\t\t<div class=\"elementor-column elementor-col-100 elementor-top-column elementor-element elementor-element-6ed6cac\" data-id=\"6ed6cac\" data-element_type=\"column\">\n\t\t\t<div class=\"elementor-widget-wrap elementor-element-populated\">\n\t\t\t\t\t\t<div class=\"elementor-element elementor-element-285c924 elementor-widget elementor-widget-heading\" data-id=\"285c924\" data-element_type=\"widget\" data-widget_type=\"heading.default\">\n\t\t\t\t<div class=\"elementor-widget-container\">\n\t\t\t\t\t<h1 class=\"elementor-heading-title elementor-size-default\">Sobre N\u00f3s<\/h1>\t\t\t\t<\/div>\n\t\t\t\t<\/div>\n\t\t\t\t\t<\/div>\n\t\t<\/div>\n\t\t\t\t\t<\/div>\n\t\t<\/section>\n\t\t\t\t<section class=\"elementor-section elementor-top-section elementor-element elementor-element-7c3707c elementor-section-boxed elementor-section-height-default elementor-section-height-default\" data-id=\"7c3707c\" data-element_type=\"section\">\n\t\t\t\t\t\t<div class=\"elementor-container elementor-column-gap-default\">\n\t\t\t\t\t<div class=\"elementor-column elementor-col-100 elementor-top-column elementor-element elementor-element-38aa418\" data-id=\"38aa418\" data-element_type=\"column\">\n\t\t\t<div class=\"elementor-widget-wrap elementor-element-populated\">\n\t\t\t\t\t\t<div class=\"elementor-element elementor-element-5d8900d elementor-widget elementor-widget-image\" data-id=\"5d8900d\" data-element_type=\"widget\" data-widget_type=\"image.default\">\n\t\t\t\t<div class=\"elementor-widget-container\">\n\t\t\t\t\t\t\t\t\t\t\t\t\t\t\t<img decoding=\"async\" width=\"209\" height=\"90\" src=\"https:\/\/www.ltdiesel.com\/wp-content\/uploads\/2021\/03\/basil-leaf.png\" class=\"attachment-full size-full wp-image-4204\" alt=\"\" \/>\t\t\t\t\t\t\t\t\t\t\t\t\t\t\t<\/div>\n\t\t\t\t<\/div>\n\t\t\t\t\t<\/div>\n\t\t<\/div>\n\t\t\t\t\t<\/div>\n\t\t<\/section>\n\t\t\t\t<section class=\"elementor-section elementor-top-section elementor-element elementor-element-7d33ea6 elementor-section-boxed elementor-section-height-default elementor-section-height-default\" data-id=\"7d33ea6\" data-element_type=\"section\">\n\t\t\t\t\t\t<div class=\"elementor-container elementor-column-gap-default\">\n\t\t\t\t\t<div class=\"elementor-column elementor-col-50 elementor-top-column elementor-element elementor-element-827726c\" data-id=\"827726c\" data-element_type=\"column\">\n\t\t\t<div class=\"elementor-widget-wrap elementor-element-populated\">\n\t\t\t\t\t\t<div class=\"elementor-element elementor-element-173faf5 elementor-widget elementor-widget-image-box\" data-id=\"173faf5\" data-element_type=\"widget\" data-widget_type=\"image-box.default\">\n\t\t\t\t<div class=\"elementor-widget-container\">\n\t\t\t\t\t<div class=\"elementor-image-box-wrapper\"><div class=\"elementor-image-box-content\"><h2 class=\"elementor-image-box-title\">Fornecedor de injetor de bomba de \u00f3leo da China<\/h2><p class=\"elementor-image-box-description\">\n<\/p><\/div><\/div>\t\t\t\t<\/div>\n\t\t\t\t<\/div>\n\t\t\t\t<div class=\"elementor-element elementor-element-6a30081 elementor-widget elementor-widget-text-editor\" data-id=\"6a30081\" data-element_type=\"widget\" data-widget_type=\"text-editor.default\">\n\t\t\t\t<div class=\"elementor-widget-container\">\n\t\t\t\t\t\t\t\t\t<p>Somos especializados em pesquisa e desenvolvimento e produ\u00e7\u00e3o de injetores de motores a diesel. Agora temos mais de 2.000 tipos de injetores e mais de 2.000 tipos de bicos diesel. Existem v\u00e1rios injetores common rail e bicos de bomba. , Injetores de combust\u00edvel para caminh\u00f5es, injetores de combust\u00edvel para m\u00e1quinas de engenharia, v\u00e1rios tipos de bombas e bicos de combust\u00edvel, temos produtos de alta qualidade e fornecemos aos clientes bons servi\u00e7os de produtos.<\/p>\t\t\t\t\t\t\t\t<\/div>\n\t\t\t\t<\/div>\n\t\t\t\t\t<\/div>\n\t\t<\/div>\n\t\t\t\t<div class=\"elementor-column elementor-col-50 elementor-top-column elementor-element elementor-element-ce44ef3\" data-id=\"ce44ef3\" data-element_type=\"column\">\n\t\t\t<div class=\"elementor-widget-wrap elementor-element-populated\">\n\t\t\t\t\t\t<div class=\"elementor-element elementor-element-e235669 elementor-widget elementor-widget-image\" data-id=\"e235669\" data-element_type=\"widget\" data-widget_type=\"image.default\">\n\t\t\t\t<div class=\"elementor-widget-container\">\n\t\t\t\t\t\t\t\t\t\t\t\t\t\t\t<img fetchpriority=\"high\" decoding=\"async\" width=\"800\" height=\"533\" src=\"https:\/\/www.ltdiesel.com\/wp-content\/uploads\/2023\/01\/hLpfaTKqTfK2NBbdiixJyg.jpg\" class=\"attachment-large size-large wp-image-25071\" alt=\"\" srcset=\"https:\/\/www.ltdiesel.com\/wp-content\/uploads\/2023\/01\/hLpfaTKqTfK2NBbdiixJyg.jpg 800w, https:\/\/www.ltdiesel.com\/wp-content\/uploads\/2023\/01\/hLpfaTKqTfK2NBbdiixJyg-300x200.jpg 300w, https:\/\/www.ltdiesel.com\/wp-content\/uploads\/2023\/01\/hLpfaTKqTfK2NBbdiixJyg-768x512.jpg 768w, https:\/\/www.ltdiesel.com\/wp-content\/uploads\/2023\/01\/hLpfaTKqTfK2NBbdiixJyg-600x400.jpg 600w\" sizes=\"(max-width: 800px) 100vw, 800px\" \/>\t\t\t\t\t\t\t\t\t\t\t\t\t\t\t<\/div>\n\t\t\t\t<\/div>\n\t\t\t\t\t<\/div>\n\t\t<\/div>\n\t\t\t\t\t<\/div>\n\t\t<\/section>\n\t\t\t\t<section class=\"elementor-section elementor-top-section elementor-element elementor-element-aa3c457 elementor-section-content-middle elementor-section-boxed elementor-section-height-default elementor-section-height-default\" data-id=\"aa3c457\" data-element_type=\"section\" data-settings=\"{&quot;background_background&quot;:&quot;classic&quot;}\">\n\t\t\t\t\t\t<div class=\"elementor-container elementor-column-gap-default\">\n\t\t\t\t\t<div class=\"elementor-column elementor-col-25 elementor-top-column elementor-element elementor-element-7d27ca3\" data-id=\"7d27ca3\" data-element_type=\"column\">\n\t\t\t<div class=\"elementor-widget-wrap elementor-element-populated\">\n\t\t\t\t\t\t<div class=\"elementor-element elementor-element-2efe9a1 elementor-widget elementor-widget-heading\" data-id=\"2efe9a1\" data-element_type=\"widget\" data-widget_type=\"heading.default\">\n\t\t\t\t<div class=\"elementor-widget-container\">\n\t\t\t\t\t<h4 class=\"elementor-heading-title elementor-size-default\">Nossa empresa<\/h4>\t\t\t\t<\/div>\n\t\t\t\t<\/div>\n\t\t\t\t\t<\/div>\n\t\t<\/div>\n\t\t\t\t<div class=\"elementor-column elementor-col-25 elementor-top-column elementor-element elementor-element-6987376\" data-id=\"6987376\" data-element_type=\"column\">\n\t\t\t<div class=\"elementor-widget-wrap elementor-element-populated\">\n\t\t\t\t\t\t<div class=\"elementor-element elementor-element-c515849 elementor-widget elementor-widget-counter\" data-id=\"c515849\" data-element_type=\"widget\" data-widget_type=\"counter.default\">\n\t\t\t\t<div class=\"elementor-widget-container\">\n\t\t\t\t\t\t\t<div class=\"elementor-counter\">\n\t\t\t<div class=\"elementor-counter-title\">Produtos curados<\/div>\t\t\t<div class=\"elementor-counter-number-wrapper\">\n\t\t\t\t<span class=\"elementor-counter-number-prefix\"><\/span>\n\t\t\t\t<span class=\"elementor-counter-number\" data-duration=\"2000\" data-to-value=\"5000\" data-from-value=\"4800\" data-delimiter=\",\">4800<\/span>\n\t\t\t\t<span class=\"elementor-counter-number-suffix\">+<\/span>\n\t\t\t<\/div>\n\t\t<\/div>\n\t\t\t\t\t\t<\/div>\n\t\t\t\t<\/div>\n\t\t\t\t\t<\/div>\n\t\t<\/div>\n\t\t\t\t<div class=\"elementor-column elementor-col-25 elementor-top-column elementor-element elementor-element-df902d3\" data-id=\"df902d3\" data-element_type=\"column\">\n\t\t\t<div class=\"elementor-widget-wrap elementor-element-populated\">\n\t\t\t\t\t\t<div class=\"elementor-element elementor-element-8129cec elementor-widget elementor-widget-counter\" data-id=\"8129cec\" data-element_type=\"widget\" data-widget_type=\"counter.default\">\n\t\t\t\t<div class=\"elementor-widget-container\">\n\t\t\t\t\t\t\t<div class=\"elementor-counter\">\n\t\t\t<div class=\"elementor-counter-title\">Curated Products<\/div>\t\t\t<div class=\"elementor-counter-number-wrapper\">\n\t\t\t\t<span class=\"elementor-counter-number-prefix\"><\/span>\n\t\t\t\t<span class=\"elementor-counter-number\" data-duration=\"2000\" data-to-value=\"100\" data-from-value=\"\" data-delimiter=\",\"><\/span>\n\t\t\t\t<span class=\"elementor-counter-number-suffix\">+<\/span>\n\t\t\t<\/div>\n\t\t<\/div>\n\t\t\t\t\t\t<\/div>\n\t\t\t\t<\/div>\n\t\t\t\t\t<\/div>\n\t\t<\/div>\n\t\t\t\t<div class=\"elementor-column elementor-col-25 elementor-top-column elementor-element elementor-element-074ae51\" data-id=\"074ae51\" data-element_type=\"column\">\n\t\t\t<div class=\"elementor-widget-wrap elementor-element-populated\">\n\t\t\t\t\t\t<div class=\"elementor-element elementor-element-ca90815 elementor-widget elementor-widget-counter\" data-id=\"ca90815\" data-element_type=\"widget\" data-widget_type=\"counter.default\">\n\t\t\t\t<div class=\"elementor-widget-container\">\n\t\t\t\t\t\t\t<div class=\"elementor-counter\">\n\t\t\t<div class=\"elementor-counter-title\">Equipamento de teste<\/div>\t\t\t<div class=\"elementor-counter-number-wrapper\">\n\t\t\t\t<span class=\"elementor-counter-number-prefix\"><\/span>\n\t\t\t\t<span class=\"elementor-counter-number\" data-duration=\"2000\" data-to-value=\"40\" data-from-value=\"\" data-delimiter=\",\"><\/span>\n\t\t\t\t<span class=\"elementor-counter-number-suffix\">+<\/span>\n\t\t\t<\/div>\n\t\t<\/div>\n\t\t\t\t\t\t<\/div>\n\t\t\t\t<\/div>\n\t\t\t\t\t<\/div>\n\t\t<\/div>\n\t\t\t\t\t<\/div>\n\t\t<\/section>\n\t\t\t\t<section class=\"elementor-section elementor-top-section elementor-element elementor-element-c890fbb elementor-section-boxed elementor-section-height-default elementor-section-height-default\" data-id=\"c890fbb\" data-element_type=\"section\">\n\t\t\t\t\t\t<div class=\"elementor-container elementor-column-gap-default\">\n\t\t\t\t\t<div class=\"elementor-column elementor-col-100 elementor-top-column elementor-element elementor-element-1a7fb75\" data-id=\"1a7fb75\" data-element_type=\"column\">\n\t\t\t<div class=\"elementor-widget-wrap elementor-element-populated\">\n\t\t\t\t\t\t<div class=\"elementor-element elementor-element-941c560 elementor-widget elementor-widget-heading\" data-id=\"941c560\" data-element_type=\"widget\" data-widget_type=\"heading.default\">\n\t\t\t\t<div class=\"elementor-widget-container\">\n\t\t\t\t\t<h2 class=\"elementor-heading-title elementor-size-default\">Visita \u00e0 f\u00e1brica<\/h2>\t\t\t\t<\/div>\n\t\t\t\t<\/div>\n\t\t\t\t\t<\/div>\n\t\t<\/div>\n\t\t\t\t\t<\/div>\n\t\t<\/section>\n\t\t\t\t<section class=\"elementor-section elementor-top-section elementor-element elementor-element-73d9e82 elementor-section-boxed elementor-section-height-default elementor-section-height-default\" data-id=\"73d9e82\" data-element_type=\"section\">\n\t\t\t\t\t\t<div class=\"elementor-container elementor-column-gap-default\">\n\t\t\t\t\t<div class=\"elementor-column elementor-col-25 elementor-top-column elementor-element elementor-element-d57c466\" data-id=\"d57c466\" data-element_type=\"column\">\n\t\t\t<div class=\"elementor-widget-wrap elementor-element-populated\">\n\t\t\t\t\t\t<div class=\"elementor-element elementor-element-fdc87e3 elementor-widget elementor-widget-image\" data-id=\"fdc87e3\" data-element_type=\"widget\" data-widget_type=\"image.default\">\n\t\t\t\t<div class=\"elementor-widget-container\">\n\t\t\t\t\t\t\t\t\t\t\t\t\t\t\t<img decoding=\"async\" width=\"800\" height=\"533\" src=\"https:\/\/www.ltdiesel.com\/wp-content\/uploads\/2023\/01\/587OL-7lTLuCOrFEaZPBkw.jpg\" class=\"attachment-large size-large wp-image-25072\" alt=\"\" srcset=\"https:\/\/www.ltdiesel.com\/wp-content\/uploads\/2023\/01\/587OL-7lTLuCOrFEaZPBkw.jpg 800w, https:\/\/www.ltdiesel.com\/wp-content\/uploads\/2023\/01\/587OL-7lTLuCOrFEaZPBkw-300x200.jpg 300w, https:\/\/www.ltdiesel.com\/wp-content\/uploads\/2023\/01\/587OL-7lTLuCOrFEaZPBkw-768x512.jpg 768w, https:\/\/www.ltdiesel.com\/wp-content\/uploads\/2023\/01\/587OL-7lTLuCOrFEaZPBkw-600x400.jpg 600w\" sizes=\"(max-width: 800px) 100vw, 800px\" \/>\t\t\t\t\t\t\t\t\t\t\t\t\t\t\t<\/div>\n\t\t\t\t<\/div>\n\t\t\t\t\t<\/div>\n\t\t<\/div>\n\t\t\t\t<div class=\"elementor-column elementor-col-25 elementor-top-column elementor-element elementor-element-8f864dc\" data-id=\"8f864dc\" data-element_type=\"column\">\n\t\t\t<div class=\"elementor-widget-wrap elementor-element-populated\">\n\t\t\t\t\t\t<div class=\"elementor-element elementor-element-a5a1596 elementor-widget elementor-widget-image\" data-id=\"a5a1596\" data-element_type=\"widget\" data-widget_type=\"image.default\">\n\t\t\t\t<div class=\"elementor-widget-container\">\n\t\t\t\t\t\t\t\t\t\t\t\t\t\t\t<img loading=\"lazy\" decoding=\"async\" width=\"800\" height=\"533\" src=\"https:\/\/www.ltdiesel.com\/wp-content\/uploads\/2023\/01\/Dz18B8p7QcyVVBWHEaqVWw.jpg\" class=\"attachment-large size-large wp-image-25073\" alt=\"\" srcset=\"https:\/\/www.ltdiesel.com\/wp-content\/uploads\/2023\/01\/Dz18B8p7QcyVVBWHEaqVWw.jpg 800w, https:\/\/www.ltdiesel.com\/wp-content\/uploads\/2023\/01\/Dz18B8p7QcyVVBWHEaqVWw-300x200.jpg 300w, https:\/\/www.ltdiesel.com\/wp-content\/uploads\/2023\/01\/Dz18B8p7QcyVVBWHEaqVWw-768x512.jpg 768w, https:\/\/www.ltdiesel.com\/wp-content\/uploads\/2023\/01\/Dz18B8p7QcyVVBWHEaqVWw-600x400.jpg 600w\" sizes=\"(max-width: 800px) 100vw, 800px\" \/>\t\t\t\t\t\t\t\t\t\t\t\t\t\t\t<\/div>\n\t\t\t\t<\/div>\n\t\t\t\t\t<\/div>\n\t\t<\/div>\n\t\t\t\t<div class=\"elementor-column elementor-col-25 elementor-top-column elementor-element elementor-element-d91332b\" data-id=\"d91332b\" data-element_type=\"column\">\n\t\t\t<div class=\"elementor-widget-wrap elementor-element-populated\">\n\t\t\t\t\t\t<div class=\"elementor-element elementor-element-17b7562 elementor-widget elementor-widget-image\" data-id=\"17b7562\" data-element_type=\"widget\" data-widget_type=\"image.default\">\n\t\t\t\t<div class=\"elementor-widget-container\">\n\t\t\t\t\t\t\t\t\t\t\t\t\t\t\t<img loading=\"lazy\" decoding=\"async\" width=\"500\" height=\"333\" src=\"https:\/\/www.ltdiesel.com\/wp-content\/uploads\/2023\/01\/NZYOVM2dS96qK4CRAxlxdg.jpg\" class=\"attachment-large size-large wp-image-25076\" alt=\"\" srcset=\"https:\/\/www.ltdiesel.com\/wp-content\/uploads\/2023\/01\/NZYOVM2dS96qK4CRAxlxdg.jpg 500w, https:\/\/www.ltdiesel.com\/wp-content\/uploads\/2023\/01\/NZYOVM2dS96qK4CRAxlxdg-300x200.jpg 300w\" sizes=\"(max-width: 500px) 100vw, 500px\" \/>\t\t\t\t\t\t\t\t\t\t\t\t\t\t\t<\/div>\n\t\t\t\t<\/div>\n\t\t\t\t\t<\/div>\n\t\t<\/div>\n\t\t\t\t<div class=\"elementor-column elementor-col-25 elementor-top-column elementor-element elementor-element-c039b5c\" data-id=\"c039b5c\" data-element_type=\"column\">\n\t\t\t<div class=\"elementor-widget-wrap elementor-element-populated\">\n\t\t\t\t\t\t<div class=\"elementor-element elementor-element-0528688 elementor-widget elementor-widget-image\" data-id=\"0528688\" data-element_type=\"widget\" data-widget_type=\"image.default\">\n\t\t\t\t<div class=\"elementor-widget-container\">\n\t\t\t\t\t\t\t\t\t\t\t\t\t\t\t<img loading=\"lazy\" decoding=\"async\" width=\"600\" height=\"400\" src=\"https:\/\/www.ltdiesel.com\/wp-content\/uploads\/2023\/01\/gC9aPyuERHKVGKhv7ZojnA.jpg\" class=\"attachment-large size-large wp-image-25075\" alt=\"\" srcset=\"https:\/\/www.ltdiesel.com\/wp-content\/uploads\/2023\/01\/gC9aPyuERHKVGKhv7ZojnA.jpg 600w, https:\/\/www.ltdiesel.com\/wp-content\/uploads\/2023\/01\/gC9aPyuERHKVGKhv7ZojnA-300x200.jpg 300w\" sizes=\"(max-width: 600px) 100vw, 600px\" \/>\t\t\t\t\t\t\t\t\t\t\t\t\t\t\t<\/div>\n\t\t\t\t<\/div>\n\t\t\t\t\t<\/div>\n\t\t<\/div>\n\t\t\t\t\t<\/div>\n\t\t<\/section>\n\t\t\t\t<\/div>\n\t\t","protected":false},"excerpt":{"rendered":"<p>Sobre N\u00f3s Fornecedor de injetor de bomba de \u00f3leo da Chi &hellip;<\/p>\n<p class=\"read-more\"> <a class=\"\" href=\"https:\/\/www.ltdiesel.com\/index.php\/about\/\"> <span class=\"screen-reader-text\">About<\/span> \u67e5\u770b\u5168\u6587 &raquo;<\/a><\/p>\n","protected":false},"author":1,"featured_media":0,"parent":0,"menu_order":0,"comment_status":"closed","ping_status":"closed","template":"","meta":{"site-sidebar-layout":"no-sidebar","site-content-layout":"page-builder","ast-global-header-display":"","ast-main-header-display":"","ast-hfb-above-header-display":"","ast-hfb-below-header-display":"","ast-hfb-mobile-header-display":"","site-post-title":"disabled","ast-breadcrumbs-content":"","ast-featured-img":"disabled","footer-sml-layout":"","theme-transparent-header-meta":"enabled","adv-header-id-meta":"","stick-header-meta":"","header-above-stick-meta":"","header-main-stick-meta":"","header-below-stick-meta":"","footnotes":""},"class_list":["post-96","page","type-page","status-publish","hentry"],"yoast_head":"<!-- This site is optimized with the Yoast SEO plugin v26.6 - https:\/\/yoast.com\/wordpress\/plugins\/seo\/ -->\n<title>About - injetor diesel<\/title>\n<meta name=\"robots\" content=\"index, follow, max-snippet:-1, max-image-preview:large, max-video-preview:-1\" \/>\n<link rel=\"canonical\" href=\"https:\/\/www.ltdiesel.com\/index.php\/about\/\" \/>\n<meta property=\"og:locale\" content=\"zh_CN\" \/>\n<meta property=\"og:type\" content=\"article\" \/>\n<meta property=\"og:title\" content=\"About - injetor diesel\" \/>\n<meta property=\"og:description\" content=\"Sobre N\u00f3s Fornecedor de injetor de bomba de \u00f3leo da Chi &hellip; About \u67e5\u770b\u5168\u6587 &raquo;\" \/>\n<meta property=\"og:url\" content=\"https:\/\/www.ltdiesel.com\/index.php\/about\/\" \/>\n<meta property=\"og:site_name\" content=\"injetor diesel\" \/>\n<meta property=\"article:modified_time\" content=\"2023-01-27T12:37:18+00:00\" \/>\n<meta property=\"og:image\" content=\"http:\/\/www.ltdiesel.com\/wp-content\/uploads\/2021\/03\/basil-leaf.png\" \/>\n<meta name=\"twitter:card\" content=\"summary_large_image\" \/>\n<meta name=\"twitter:label1\" content=\"\u9884\u8ba1\u9605\u8bfb\u65f6\u95f4\" \/>\n\t<meta name=\"twitter:data1\" content=\"3 \u5206\" \/>\n<script type=\"application\/ld+json\" class=\"yoast-schema-graph\">{\"@context\":\"https:\/\/schema.org\",\"@graph\":[{\"@type\":\"WebPage\",\"@id\":\"https:\/\/www.ltdiesel.com\/index.php\/about\/\",\"url\":\"https:\/\/www.ltdiesel.com\/index.php\/about\/\",\"name\":\"About - injetor diesel\",\"isPartOf\":{\"@id\":\"https:\/\/www.ltdiesel.com\/#website\"},\"primaryImageOfPage\":{\"@id\":\"https:\/\/www.ltdiesel.com\/index.php\/about\/#primaryimage\"},\"image\":{\"@id\":\"https:\/\/www.ltdiesel.com\/index.php\/about\/#primaryimage\"},\"thumbnailUrl\":\"http:\/\/www.ltdiesel.com\/wp-content\/uploads\/2021\/03\/basil-leaf.png\",\"datePublished\":\"2018-06-18T06:57:57+00:00\",\"dateModified\":\"2023-01-27T12:37:18+00:00\",\"breadcrumb\":{\"@id\":\"https:\/\/www.ltdiesel.com\/index.php\/about\/#breadcrumb\"},\"inLanguage\":\"zh-Hans\",\"potentialAction\":[{\"@type\":\"ReadAction\",\"target\":[\"https:\/\/www.ltdiesel.com\/index.php\/about\/\"]}]},{\"@type\":\"ImageObject\",\"inLanguage\":\"zh-Hans\",\"@id\":\"https:\/\/www.ltdiesel.com\/index.php\/about\/#primaryimage\",\"url\":\"http:\/\/www.ltdiesel.com\/wp-content\/uploads\/2021\/03\/basil-leaf.png\",\"contentUrl\":\"http:\/\/www.ltdiesel.com\/wp-content\/uploads\/2021\/03\/basil-leaf.png\"},{\"@type\":\"BreadcrumbList\",\"@id\":\"https:\/\/www.ltdiesel.com\/index.php\/about\/#breadcrumb\",\"itemListElement\":[{\"@type\":\"ListItem\",\"position\":1,\"name\":\"\u9996\u9875\",\"item\":\"https:\/\/www.ltdiesel.com\/\"},{\"@type\":\"ListItem\",\"position\":2,\"name\":\"About\"}]},{\"@type\":\"WebSite\",\"@id\":\"https:\/\/www.ltdiesel.com\/#website\",\"url\":\"https:\/\/www.ltdiesel.com\/\",\"name\":\"injetor diesel\",\"description\":\"injetor diesel\",\"publisher\":{\"@id\":\"https:\/\/www.ltdiesel.com\/#organization\"},\"potentialAction\":[{\"@type\":\"SearchAction\",\"target\":{\"@type\":\"EntryPoint\",\"urlTemplate\":\"https:\/\/www.ltdiesel.com\/?s={search_term_string}\"},\"query-input\":{\"@type\":\"PropertyValueSpecification\",\"valueRequired\":true,\"valueName\":\"search_term_string\"}}],\"inLanguage\":\"zh-Hans\"},{\"@type\":\"Organization\",\"@id\":\"https:\/\/www.ltdiesel.com\/#organization\",\"name\":\"injetor diesel\",\"url\":\"https:\/\/www.ltdiesel.com\/\",\"logo\":{\"@type\":\"ImageObject\",\"inLanguage\":\"zh-Hans\",\"@id\":\"https:\/\/www.ltdiesel.com\/#\/schema\/logo\/image\/\",\"url\":\"https:\/\/www.ltdiesel.com\/wp-content\/uploads\/2023\/01\/LOGO-1.png\",\"contentUrl\":\"https:\/\/www.ltdiesel.com\/wp-content\/uploads\/2023\/01\/LOGO-1.png\",\"width\":180,\"height\":60,\"caption\":\"injetor diesel\"},\"image\":{\"@id\":\"https:\/\/www.ltdiesel.com\/#\/schema\/logo\/image\/\"}}]}<\/script>\n<!-- \/ Yoast SEO plugin. -->","yoast_head_json":{"title":"About - injetor diesel","robots":{"index":"index","follow":"follow","max-snippet":"max-snippet:-1","max-image-preview":"max-image-preview:large","max-video-preview":"max-video-preview:-1"},"canonical":"https:\/\/www.ltdiesel.com\/index.php\/about\/","og_locale":"zh_CN","og_type":"article","og_title":"About - injetor diesel","og_description":"Sobre N\u00f3s Fornecedor de injetor de bomba de \u00f3leo da Chi &hellip; About \u67e5\u770b\u5168\u6587 &raquo;","og_url":"https:\/\/www.ltdiesel.com\/index.php\/about\/","og_site_name":"injetor diesel","article_modified_time":"2023-01-27T12:37:18+00:00","og_image":[{"url":"http:\/\/www.ltdiesel.com\/wp-content\/uploads\/2021\/03\/basil-leaf.png","type":"","width":"","height":""}],"twitter_card":"summary_large_image","twitter_misc":{"\u9884\u8ba1\u9605\u8bfb\u65f6\u95f4":"3 \u5206"},"schema":{"@context":"https:\/\/schema.org","@graph":[{"@type":"WebPage","@id":"https:\/\/www.ltdiesel.com\/index.php\/about\/","url":"https:\/\/www.ltdiesel.com\/index.php\/about\/","name":"About - injetor diesel","isPartOf":{"@id":"https:\/\/www.ltdiesel.com\/#website"},"primaryImageOfPage":{"@id":"https:\/\/www.ltdiesel.com\/index.php\/about\/#primaryimage"},"image":{"@id":"https:\/\/www.ltdiesel.com\/index.php\/about\/#primaryimage"},"thumbnailUrl":"http:\/\/www.ltdiesel.com\/wp-content\/uploads\/2021\/03\/basil-leaf.png","datePublished":"2018-06-18T06:57:57+00:00","dateModified":"2023-01-27T12:37:18+00:00","breadcrumb":{"@id":"https:\/\/www.ltdiesel.com\/index.php\/about\/#breadcrumb"},"inLanguage":"zh-Hans","potentialAction":[{"@type":"ReadAction","target":["https:\/\/www.ltdiesel.com\/index.php\/about\/"]}]},{"@type":"ImageObject","inLanguage":"zh-Hans","@id":"https:\/\/www.ltdiesel.com\/index.php\/about\/#primaryimage","url":"http:\/\/www.ltdiesel.com\/wp-content\/uploads\/2021\/03\/basil-leaf.png","contentUrl":"http:\/\/www.ltdiesel.com\/wp-content\/uploads\/2021\/03\/basil-leaf.png"},{"@type":"BreadcrumbList","@id":"https:\/\/www.ltdiesel.com\/index.php\/about\/#breadcrumb","itemListElement":[{"@type":"ListItem","position":1,"name":"\u9996\u9875","item":"https:\/\/www.ltdiesel.com\/"},{"@type":"ListItem","position":2,"name":"About"}]},{"@type":"WebSite","@id":"https:\/\/www.ltdiesel.com\/#website","url":"https:\/\/www.ltdiesel.com\/","name":"injetor diesel","description":"injetor diesel","publisher":{"@id":"https:\/\/www.ltdiesel.com\/#organization"},"potentialAction":[{"@type":"SearchAction","target":{"@type":"EntryPoint","urlTemplate":"https:\/\/www.ltdiesel.com\/?s={search_term_string}"},"query-input":{"@type":"PropertyValueSpecification","valueRequired":true,"valueName":"search_term_string"}}],"inLanguage":"zh-Hans"},{"@type":"Organization","@id":"https:\/\/www.ltdiesel.com\/#organization","name":"injetor diesel","url":"https:\/\/www.ltdiesel.com\/","logo":{"@type":"ImageObject","inLanguage":"zh-Hans","@id":"https:\/\/www.ltdiesel.com\/#\/schema\/logo\/image\/","url":"https:\/\/www.ltdiesel.com\/wp-content\/uploads\/2023\/01\/LOGO-1.png","contentUrl":"https:\/\/www.ltdiesel.com\/wp-content\/uploads\/2023\/01\/LOGO-1.png","width":180,"height":60,"caption":"injetor diesel"},"image":{"@id":"https:\/\/www.ltdiesel.com\/#\/schema\/logo\/image\/"}}]}},"_links":{"self":[{"href":"https:\/\/www.ltdiesel.com\/index.php\/wp-json\/wp\/v2\/pages\/96","targetHints":{"allow":["GET"]}}],"collection":[{"href":"https:\/\/www.ltdiesel.com\/index.php\/wp-json\/wp\/v2\/pages"}],"about":[{"href":"https:\/\/www.ltdiesel.com\/index.php\/wp-json\/wp\/v2\/types\/page"}],"author":[{"embeddable":true,"href":"https:\/\/www.ltdiesel.com\/index.php\/wp-json\/wp\/v2\/users\/1"}],"replies":[{"embeddable":true,"href":"https:\/\/www.ltdiesel.com\/index.php\/wp-json\/wp\/v2\/comments?post=96"}],"version-history":[{"count":7,"href":"https:\/\/www.ltdiesel.com\/index.php\/wp-json\/wp\/v2\/pages\/96\/revisions"}],"predecessor-version":[{"id":25091,"href":"https:\/\/www.ltdiesel.com\/index.php\/wp-json\/wp\/v2\/pages\/96\/revisions\/25091"}],"wp:attachment":[{"href":"https:\/\/www.ltdiesel.com\/index.php\/wp-json\/wp\/v2\/media?parent=96"}],"curies":[{"name":"wp","href":"https:\/\/api.w.org\/{rel}","templated":true}]}}